{"id":32336,"date":"2010-11-10T16:22:47","date_gmt":"2010-11-10T20:22:47","guid":{"rendered":"http:\/\/www.redenoticia.com.br\/noticia"},"modified":"2022-09-21T10:13:48","modified_gmt":"2022-09-21T13:13:48","slug":"conheca-as-regras-para-fazer-os-seus-comentarios","status":"publish","type":"page","link":"https:\/\/migracao.redenoticia.com.br\/noticia\/conheca-as-regras-para-fazer-os-seus-comentarios","title":{"rendered":"Conhe\u00e7a as regras para fazer os seus coment\u00e1rios"},"content":{"rendered":"<p>Amigos,<\/p>\n<p>Por respeito aos nossos leitores nos esfor\u00e7amos por manter um alto padr\u00e3o nas nossas publica\u00e7\u00f5es. Este zelo estende-se ao conte\u00fado dos coment\u00e1rios postados pelos internautas que nos honram com as suas visitas. Para manter esta qualidade estabelecemos alguns procedimentos com rela\u00e7\u00e3o a estes coment\u00e1rios que devem ser observados.<\/p>\n<p>Entendemos que alguns comentaristas poder\u00e3o discordar, mas algumas regras precisam ser estabelecidas para que sejam evitados, ao m\u00e1ximo, coment\u00e1rios abusivos ou ilegais. Lembramos ainda que trabalhamos parra evitar ao m\u00e1ximo qualquer tipo de Spam.<\/p>\n<p><strong>1.<\/strong> \u00c9 claro que \u00e9 nosso desejo ver as nossas mat\u00e9rias comentadas, analisadas, discutidas, etc.. \u2014 os coment\u00e1rios s\u00e3o t\u00e3o importantes quanto o conte\u00fado das not\u00edcias. Al\u00e9m disso, \u00e9 atrav\u00e9s deles que podemos compartilhar nossos conhecimentos e opini\u00f5es. Fiquem, portanto, \u00e0 vontade para comentar, independente do conhecimento que possam ter do assunto;<\/p>\n<p><strong>2.<\/strong> <strong>N\u00f3s excluiremos qualquer tipo de SPAM<\/strong>. Al\u00e9m de filtros autom\u00e1ticos, verificamos diariamente o conte\u00fado de cada coment\u00e1rio. Ao encontrar um\u00a0<strong>SPAM<\/strong>, apagaremos imediatamente;<\/p>\n<p><strong>3.<\/strong> se voc\u00ea vai escrever um coment\u00e1rio no\u00a0<strong>RedeNoticia<\/strong> e desejar colocar um link para algum site sinta-se \u00e0 vontade, desde que o link seja\u00a0pertinente ao assunto da mat\u00e9ria. A publica\u00e7\u00e3o de coment\u00e1rios com links no seu corpo, n\u00e3o ser\u00e1 feita de forma autom\u00e1tica. O conte\u00fado da p\u00e1gina linkada ser\u00e1 verificado antes de autorizada a sua publica\u00e7\u00e3o;<strong><\/strong><\/p>\n<p><strong>4.<\/strong> Seja educado com os autores de outros coment\u00e1rios, ainda que voc\u00ea possa n\u00e3o os considerar apropriados, mas lembre-se, eles s\u00e3o t\u00e3o leitores quanto voc\u00ea. Coment\u00e1rio com ofensas, com palavras chulas ou de cunho preconceituoso n\u00e3o ser\u00e1 tolerado e, portanto, apagado;<\/p>\n<p><strong>5.<\/strong> N\u00e3o verificamos os dados de identifica\u00e7\u00e3o preenchidos pelos nossos comentaristas, mas o sistema tem a identifica\u00e7\u00e3o correta do IP utilizado no envio da mensagem. Este endere\u00e7o, apesar de n\u00e3o ser divulgado em hip\u00f3tese alguma, poder\u00e1 ser utilizado para dirimir d\u00favidas quanto a Spam;<\/p>\n<p><strong>6.<\/strong> Mensagens que incluem informa\u00e7\u00f5es pessoais do autor ou de terceiros (e-mail, telefone, RG etc.) ser\u00e3o editadas e ter\u00e3o estas informa\u00e7\u00f5es apagadas.<\/p>\n<p><strong>7.<\/strong> Para denunciar qualquer abuso, entre em\u00a0<a href=\"https:\/\/migracao.redenoticia.com.br\/noticia\/?page_id=400\" target=\"_self\" rel=\"noopener\"><strong>contato<\/strong> <\/a>conosco. Caso alguma infra\u00e7\u00e3o seja constatada, apagaremos o coment\u00e1rio imediatamente.<\/p>\n<p>Acreditamos na liberdade de express\u00e3o e n\u00e3o temos nenhum interesse em cercea-la. Estes cuidados significam apenas que estamos tentando ser transparentes e lhes propiciar discuss\u00f5es de qualidade.<\/p>\n<p>RedeNoticia<\/p>\n","protected":false},"excerpt":{"rendered":"<p>Amigos, Por respeito aos nossos leitores nos esfor\u00e7amos por manter um alto padr\u00e3o nas nossas publica\u00e7\u00f5es. Este zelo estende-se ao conte\u00fado dos coment\u00e1rios postados pelos internautas que nos honram com as suas visitas. Para manter esta qualidade estabelecemos alguns procedimentos com rela\u00e7\u00e3o a estes coment\u00e1rios que devem ser observados. Entendemos que alguns comentaristas poder\u00e3o discordar, [&hellip;]<\/p>\n","protected":false},"author":2,"featured_media":0,"parent":0,"menu_order":0,"comment_status":"open","ping_status":"closed","template":"","meta":{"tdm_status":"","tdm_grid_status":"","footnotes":""},"class_list":["post-32336","page","type-page","status-publish"],"_links":{"self":[{"href":"https:\/\/migracao.redenoticia.com.br\/noticia\/wp-json\/wp\/v2\/pages\/32336","targetHints":{"allow":["GET"]}}],"collection":[{"href":"https:\/\/migracao.redenoticia.com.br\/noticia\/wp-json\/wp\/v2\/pages"}],"about":[{"href":"https:\/\/migracao.redenoticia.com.br\/noticia\/wp-json\/wp\/v2\/types\/page"}],"author":[{"embeddable":true,"href":"https:\/\/migracao.redenoticia.com.br\/noticia\/wp-json\/wp\/v2\/users\/2"}],"replies":[{"embeddable":true,"href":"https:\/\/migracao.redenoticia.com.br\/noticia\/wp-json\/wp\/v2\/comments?post=32336"}],"version-history":[{"count":0,"href":"https:\/\/migracao.redenoticia.com.br\/noticia\/wp-json\/wp\/v2\/pages\/32336\/revisions"}],"wp:attachment":[{"href":"https:\/\/migracao.redenoticia.com.br\/noticia\/wp-json\/wp\/v2\/media?parent=32336"}],"curies":[{"name":"wp","href":"https:\/\/api.w.org\/{rel}","templated":true}]}}