{"id":4642,"date":"2009-07-05T15:48:10","date_gmt":"2009-07-05T19:48:10","guid":{"rendered":"http:\/\/www.redenoticia.com.br\/noticia\/?page_id=4642"},"modified":"2022-09-21T10:14:32","modified_gmt":"2022-09-21T13:14:32","slug":"privacidade","status":"publish","type":"page","link":"https:\/\/migracao.redenoticia.com.br\/noticia\/privacidade","title":{"rendered":"Privacidade"},"content":{"rendered":"<h2>Pol\u00edtica de Privacidade<\/h2>\n<p>O site\u00a0<strong>RedeNoticia<\/strong> leva sua privacidade a serio. Esta pol\u00edtica de privacidade descreve quais as informa\u00e7\u00f5es pessoais que coletamos e como a usamos. Nunca venderemos a sua informa\u00e7\u00e3o para terceiros, sejam eles particulares ou\u00a0empresas.<\/p>\n<p><strong>Os Registros.<\/strong><\/p>\n<p>Assim como os outros\u00a0<strong>WebSites<\/strong>, n\u00f3s da equipe\u00a0<strong>RedeNoticia<\/strong>, coletamos e utilizamos informa\u00e7\u00e3o contida nos registros. A informa\u00e7\u00e3o contida nos registros inclui o seu endere\u00e7o\u00a0<strong>IP<\/strong> o seu\u00a0<strong>provedor <\/strong><strong>(hostnet.com.br por exemplo)<\/strong> o\u00a0<strong>Navegador<\/strong> que voc\u00ea utilizou para visitar o\u00a0<strong>site<\/strong> <strong>redenoticia.com.br<\/strong> (como por exemplo\u00a0<strong>Internet Explorer<\/strong> ou o Google Chrome), o tempo da sua visita e quais p\u00e1ginas voc\u00ea visitou dentro do site.<\/p>\n<p><strong>Os Cookies e Web Beacons.<\/strong><\/p>\n<p>Utilizamos\u00a0<strong>Cookies<\/strong> para armazenar informa\u00e7\u00e3o, tais como as suas prefer\u00eancias pessoais quando visita o\u00a0<strong>RedeNoticia &#8211;<\/strong> <strong><a href=\"https:\/\/migracao.redenoticia.com.br\/\">https:\/\/migracao.redenoticia.com.br<\/a><\/strong>. O\u00a0<strong>Google<\/strong> faz uso do novo\u00a0<strong>DART Cookie<\/strong> para servir\u00a0an\u00fancios\u00a0baseados nos seus interesses e na sua visita ao\u00a0<strong>RedeNoticia<\/strong> <strong>&#8211;<\/strong> e a outros endere\u00e7os na web. Voc\u00ea poder\u00e1 optar por n\u00e3o utilizar o\u00a0<strong>DART Cookie<\/strong> visitando a p\u00e1gina de an\u00fancios\u00a0<strong>Google Ad<\/strong> e o programa de policiamento da empresa.<\/p>\n<p>Em adi\u00e7\u00e3o, tamb\u00e9m utilizamos publicidades de terceiros no nosso\u00a0<strong>Site<\/strong> <strong>&#8211;<\/strong> para suportar os custos de manuten\u00e7\u00e3o. Alguns destes an\u00fancios poder\u00e3o utilizar tecnologias como os\u00a0<strong>Cookies<\/strong> e\/ou\u00a0<strong>Web Beacons<\/strong>quando realizam as publicidades o que far\u00e1 com que esses publicit\u00e1rios (como o\u00a0<strong>Google<\/strong> atrav\u00e9s do\u00a0<strong>Google AdSense<\/strong>) tamb\u00e9m recebam a sua informa\u00e7\u00e3o pessoal, como o endere\u00e7o\u00a0<strong>IP<\/strong>, o seu\u00a0<strong>ISP<\/strong> , o seu\u00a0<strong>Browser<\/strong>, etc. Esta fun\u00e7\u00e3o \u00e9 geralmente utilizada para\u00a0<strong>GeoTargeting<\/strong> (mostrar publicidades de\u00a0<strong>Rond\u00f4nia<\/strong> apenas aos leitores vindos de\u00a0<strong>Rond\u00f4nia<\/strong> por exemplo) ou apresentar publicidades direcionadas a um tipo de utilizador (como mostrar publicidade de restaurante a um utilizador que visita sites de culin\u00e1ria regularmente, por exemplo).<\/p>\n<p>Voc\u00ea det\u00e9m o poder de desligar os seus\u00a0<strong>Cookies<\/strong> nas op\u00e7\u00f5es do seu\u00a0<strong>Browser<\/strong> ou efetuando altera\u00e7\u00f5es nas ferramentas de programas\u00a0<strong>Anti-V\u00edrus<\/strong>, como o\u00a0<strong>Norton Internet Security<\/strong>. No entanto, isso poder\u00e1 alterar a forma como interage com o site\u00a0<strong>RedeNoticia<\/strong> <strong>&#8211;<\/strong> ou outros\u00a0<strong>sites<\/strong>.<\/p>\n<p>&nbsp;<\/p>\n","protected":false},"excerpt":{"rendered":"<p>Pol\u00edtica de Privacidade O site\u00a0RedeNoticia leva sua privacidade a serio. Esta pol\u00edtica de privacidade descreve quais as informa\u00e7\u00f5es pessoais que coletamos e como a usamos. Nunca venderemos a sua informa\u00e7\u00e3o para terceiros, sejam eles particulares ou\u00a0empresas. Os Registros. Assim como os outros\u00a0WebSites, n\u00f3s da equipe\u00a0RedeNoticia, coletamos e utilizamos informa\u00e7\u00e3o contida nos registros. A informa\u00e7\u00e3o contida [&hellip;]<\/p>\n","protected":false},"author":2,"featured_media":0,"parent":0,"menu_order":0,"comment_status":"open","ping_status":"open","template":"","meta":{"tdm_status":"","tdm_grid_status":"","footnotes":""},"class_list":["post-4642","page","type-page","status-publish"],"_links":{"self":[{"href":"https:\/\/migracao.redenoticia.com.br\/noticia\/wp-json\/wp\/v2\/pages\/4642","targetHints":{"allow":["GET"]}}],"collection":[{"href":"https:\/\/migracao.redenoticia.com.br\/noticia\/wp-json\/wp\/v2\/pages"}],"about":[{"href":"https:\/\/migracao.redenoticia.com.br\/noticia\/wp-json\/wp\/v2\/types\/page"}],"author":[{"embeddable":true,"href":"https:\/\/migracao.redenoticia.com.br\/noticia\/wp-json\/wp\/v2\/users\/2"}],"replies":[{"embeddable":true,"href":"https:\/\/migracao.redenoticia.com.br\/noticia\/wp-json\/wp\/v2\/comments?post=4642"}],"version-history":[{"count":0,"href":"https:\/\/migracao.redenoticia.com.br\/noticia\/wp-json\/wp\/v2\/pages\/4642\/revisions"}],"wp:attachment":[{"href":"https:\/\/migracao.redenoticia.com.br\/noticia\/wp-json\/wp\/v2\/media?parent=4642"}],"curies":[{"name":"wp","href":"https:\/\/api.w.org\/{rel}","templated":true}]}}