{"id":6937,"date":"2009-07-29T22:04:57","date_gmt":"2009-07-30T02:04:57","guid":{"rendered":"http:\/\/www.redenoticia.com.br\/noticia\/?page_id=6937"},"modified":"2022-11-23T18:51:09","modified_gmt":"2022-11-23T21:51:09","slug":"loterias","status":"publish","type":"page","link":"https:\/\/migracao.redenoticia.com.br\/noticia\/loterias","title":{"rendered":"Resultados da Loteria"},"content":{"rendered":"\n<h2 class=\"wp-block-heading\">\u00daltimos resultados de todos os jogos da Loteria da Caixa<\/h2>\n\n\n\n<p>Nesta p\u00e1gina voc\u00ea encontra o acesso para consultar o \u00faltimo resultado de todos os jogos da Loteria. Al\u00e9m dos n\u00fameros sorteados, premia\u00e7\u00e3o e localiza\u00e7\u00e3o e popula\u00e7\u00e3o das cidades onde os jogos vencedores foram realizados, voc\u00ea tamb\u00e9m poder\u00e1 ver hist\u00f3rico dos n\u00fameros sorteados e uma an\u00e1lise do jogo nos \u00faltimos 12 meses.<\/p>\n\n\n\n<figure class=\"wp-block-gallery alignwide has-nested-images columns-default is-cropped wp-block-gallery-1 is-layout-flex wp-block-gallery-is-layout-flex\">\n<figure class=\"wp-block-image size-large\"><a href=\"https:\/\/migracao.redenoticia.com.br\/noticia\/2022\/resultado-da-mega-sena\/173302\"><img loading=\"lazy\" decoding=\"async\" width=\"400\" height=\"225\" data-id=\"194758\" src=\"https:\/\/migracao.redenoticia.com.br\/noticia\/imagens\/resultado-mega-sena-loterias-400x225.jpg\" alt=\"\" class=\"wp-image-194758\" srcset=\"https:\/\/migracao.redenoticia.com.br\/noticia\/imagens\/resultado-mega-sena-loterias-400x225.jpg 400w, https:\/\/migracao.redenoticia.com.br\/noticia\/imagens\/resultado-mega-sena-loterias-250x140.jpg 250w, https:\/\/migracao.redenoticia.com.br\/noticia\/imagens\/resultado-mega-sena-loterias-768x432.jpg 768w, https:\/\/migracao.redenoticia.com.br\/noticia\/imagens\/resultado-mega-sena-loterias-150x85.jpg 150w, https:\/\/migracao.redenoticia.com.br\/noticia\/imagens\/resultado-mega-sena-loterias-696x392.jpg 696w, https:\/\/migracao.redenoticia.com.br\/noticia\/imagens\/resultado-mega-sena-loterias-1068x601.jpg 1068w, https:\/\/migracao.redenoticia.com.br\/noticia\/imagens\/resultado-mega-sena-loterias.jpg 1280w\" sizes=\"auto, (max-width: 400px) 100vw, 400px\" \/><\/a><figcaption class=\"wp-element-caption\">Resultado do \u00faltimo sorteio da Mega Sena<\/figcaption><\/figure>\n\n\n\n<figure class=\"wp-block-image size-large\"><a href=\"https:\/\/migracao.redenoticia.com.br\/noticia\/2022\/lotofacil-resultado\/172978\"><img loading=\"lazy\" decoding=\"async\" width=\"400\" height=\"225\" data-id=\"194761\" src=\"https:\/\/migracao.redenoticia.com.br\/noticia\/imagens\/resultado-lotofacil-independencia-sorteio-loteria-premio-400x225.jpg\" alt=\"\" class=\"wp-image-194761\" srcset=\"https:\/\/migracao.redenoticia.com.br\/noticia\/imagens\/resultado-lotofacil-independencia-sorteio-loteria-premio-400x225.jpg 400w, https:\/\/migracao.redenoticia.com.br\/noticia\/imagens\/resultado-lotofacil-independencia-sorteio-loteria-premio-250x140.jpg 250w, https:\/\/migracao.redenoticia.com.br\/noticia\/imagens\/resultado-lotofacil-independencia-sorteio-loteria-premio-768x432.jpg 768w, https:\/\/migracao.redenoticia.com.br\/noticia\/imagens\/resultado-lotofacil-independencia-sorteio-loteria-premio-150x85.jpg 150w, https:\/\/migracao.redenoticia.com.br\/noticia\/imagens\/resultado-lotofacil-independencia-sorteio-loteria-premio-696x392.jpg 696w, https:\/\/migracao.redenoticia.com.br\/noticia\/imagens\/resultado-lotofacil-independencia-sorteio-loteria-premio-1068x601.jpg 1068w, https:\/\/migracao.redenoticia.com.br\/noticia\/imagens\/resultado-lotofacil-independencia-sorteio-loteria-premio.jpg 1280w\" sizes=\"auto, (max-width: 400px) 100vw, 400px\" \/><\/a><figcaption class=\"wp-element-caption\">Resultado do \u00faltimo sorteio da Lotofacil<\/figcaption><\/figure>\n<\/figure>\n\n\n\n<figure class=\"wp-block-gallery alignwide has-nested-images columns-default is-cropped wp-block-gallery-2 is-layout-flex wp-block-gallery-is-layout-flex\">\n<figure class=\"wp-block-image size-large\"><a href=\"https:\/\/migracao.redenoticia.com.br\/noticia\/2022\/resultado-da-quina\/172786\"><img loading=\"lazy\" decoding=\"async\" width=\"400\" height=\"225\" data-id=\"194770\" src=\"https:\/\/migracao.redenoticia.com.br\/noticia\/imagens\/resultado-quina-sorteio-loterias-400x225.jpg\" alt=\"\" class=\"wp-image-194770\" srcset=\"https:\/\/migracao.redenoticia.com.br\/noticia\/imagens\/resultado-quina-sorteio-loterias-400x225.jpg 400w, https:\/\/migracao.redenoticia.com.br\/noticia\/imagens\/resultado-quina-sorteio-loterias-250x140.jpg 250w, https:\/\/migracao.redenoticia.com.br\/noticia\/imagens\/resultado-quina-sorteio-loterias-768x432.jpg 768w, https:\/\/migracao.redenoticia.com.br\/noticia\/imagens\/resultado-quina-sorteio-loterias-150x85.jpg 150w, https:\/\/migracao.redenoticia.com.br\/noticia\/imagens\/resultado-quina-sorteio-loterias-696x392.jpg 696w, https:\/\/migracao.redenoticia.com.br\/noticia\/imagens\/resultado-quina-sorteio-loterias-1068x601.jpg 1068w, https:\/\/migracao.redenoticia.com.br\/noticia\/imagens\/resultado-quina-sorteio-loterias.jpg 1280w\" sizes=\"auto, (max-width: 400px) 100vw, 400px\" \/><\/a><figcaption class=\"wp-element-caption\">Resultado do \u00faltimo sorteio da Quina<\/figcaption><\/figure>\n\n\n\n<figure class=\"wp-block-image size-large\"><a href=\"https:\/\/migracao.redenoticia.com.br\/noticia\/2022\/lotomania-resultado\/172982\"><img loading=\"lazy\" decoding=\"async\" width=\"400\" height=\"225\" data-id=\"194823\" src=\"https:\/\/migracao.redenoticia.com.br\/noticia\/imagens\/resultado-lotomania-1-400x225.jpg\" alt=\"\" class=\"wp-image-194823\" srcset=\"https:\/\/migracao.redenoticia.com.br\/noticia\/imagens\/resultado-lotomania-1-400x225.jpg 400w, https:\/\/migracao.redenoticia.com.br\/noticia\/imagens\/resultado-lotomania-1-250x140.jpg 250w, https:\/\/migracao.redenoticia.com.br\/noticia\/imagens\/resultado-lotomania-1-768x432.jpg 768w, https:\/\/migracao.redenoticia.com.br\/noticia\/imagens\/resultado-lotomania-1-150x85.jpg 150w, https:\/\/migracao.redenoticia.com.br\/noticia\/imagens\/resultado-lotomania-1-696x392.jpg 696w, https:\/\/migracao.redenoticia.com.br\/noticia\/imagens\/resultado-lotomania-1-1068x601.jpg 1068w, https:\/\/migracao.redenoticia.com.br\/noticia\/imagens\/resultado-lotomania-1.jpg 1280w\" sizes=\"auto, (max-width: 400px) 100vw, 400px\" \/><\/a><figcaption class=\"wp-element-caption\">Resultado do \u00faltimo sorteio da Lotomania<\/figcaption><\/figure>\n<\/figure>\n\n\n\n<figure class=\"wp-block-gallery alignwide has-nested-images columns-default is-cropped wp-block-gallery-3 is-layout-flex wp-block-gallery-is-layout-flex\">\n<figure class=\"wp-block-image size-large\"><a href=\"https:\/\/migracao.redenoticia.com.br\/noticia\/2022\/resultado-do-timemania\/172964\"><img loading=\"lazy\" decoding=\"async\" width=\"400\" height=\"225\" data-id=\"194773\" src=\"https:\/\/migracao.redenoticia.com.br\/noticia\/imagens\/timemania-resultado-sorteio-400x225.jpg\" alt=\"\" class=\"wp-image-194773\" srcset=\"https:\/\/migracao.redenoticia.com.br\/noticia\/imagens\/timemania-resultado-sorteio-400x225.jpg 400w, https:\/\/migracao.redenoticia.com.br\/noticia\/imagens\/timemania-resultado-sorteio-250x140.jpg 250w, https:\/\/migracao.redenoticia.com.br\/noticia\/imagens\/timemania-resultado-sorteio-768x432.jpg 768w, https:\/\/migracao.redenoticia.com.br\/noticia\/imagens\/timemania-resultado-sorteio-150x85.jpg 150w, https:\/\/migracao.redenoticia.com.br\/noticia\/imagens\/timemania-resultado-sorteio-696x392.jpg 696w, https:\/\/migracao.redenoticia.com.br\/noticia\/imagens\/timemania-resultado-sorteio-1068x601.jpg 1068w, https:\/\/migracao.redenoticia.com.br\/noticia\/imagens\/timemania-resultado-sorteio.jpg 1280w\" sizes=\"auto, (max-width: 400px) 100vw, 400px\" \/><\/a><figcaption class=\"wp-element-caption\">Resultado do \u00faltimo sorteio da Timemania<\/figcaption><\/figure>\n\n\n\n<figure class=\"wp-block-image size-large\"><a href=\"https:\/\/migracao.redenoticia.com.br\/noticia\/2022\/dupla-sena-resultado\/172968\"><img loading=\"lazy\" decoding=\"async\" width=\"400\" height=\"225\" data-id=\"194780\" src=\"https:\/\/migracao.redenoticia.com.br\/noticia\/imagens\/dupla-sena-resultado-sorteio-400x225.jpg\" alt=\"Premia\u00e7\u00e3o da Dupla Sena\" class=\"wp-image-194780\" srcset=\"https:\/\/migracao.redenoticia.com.br\/noticia\/imagens\/dupla-sena-resultado-sorteio-400x225.jpg 400w, https:\/\/migracao.redenoticia.com.br\/noticia\/imagens\/dupla-sena-resultado-sorteio-250x140.jpg 250w, https:\/\/migracao.redenoticia.com.br\/noticia\/imagens\/dupla-sena-resultado-sorteio-768x432.jpg 768w, https:\/\/migracao.redenoticia.com.br\/noticia\/imagens\/dupla-sena-resultado-sorteio-150x85.jpg 150w, https:\/\/migracao.redenoticia.com.br\/noticia\/imagens\/dupla-sena-resultado-sorteio-696x392.jpg 696w, https:\/\/migracao.redenoticia.com.br\/noticia\/imagens\/dupla-sena-resultado-sorteio-1068x601.jpg 1068w, https:\/\/migracao.redenoticia.com.br\/noticia\/imagens\/dupla-sena-resultado-sorteio.jpg 1280w\" sizes=\"auto, (max-width: 400px) 100vw, 400px\" \/><\/a><figcaption class=\"wp-element-caption\">Resultado do \u00faltimo sorteio da Dupla Sena<\/figcaption><\/figure>\n<\/figure>\n\n\n\n<figure class=\"wp-block-gallery alignwide has-nested-images columns-default is-cropped wp-block-gallery-4 is-layout-flex wp-block-gallery-is-layout-flex\">\n<figure class=\"wp-block-image size-large\"><a href=\"https:\/\/migracao.redenoticia.com.br\/noticia\/2022\/resultado-loteria-federal\/172972\"><img loading=\"lazy\" decoding=\"async\" width=\"400\" height=\"225\" data-id=\"226096\" src=\"https:\/\/migracao.redenoticia.com.br\/noticia\/imagens\/loteria_federal_imagem-400x225.jpg\" alt=\"\" class=\"wp-image-226096\" srcset=\"https:\/\/migracao.redenoticia.com.br\/noticia\/imagens\/loteria_federal_imagem-400x225.jpg 400w, https:\/\/migracao.redenoticia.com.br\/noticia\/imagens\/loteria_federal_imagem-250x140.jpg 250w, https:\/\/migracao.redenoticia.com.br\/noticia\/imagens\/loteria_federal_imagem-768x432.jpg 768w, https:\/\/migracao.redenoticia.com.br\/noticia\/imagens\/loteria_federal_imagem-150x84.jpg 150w, https:\/\/migracao.redenoticia.com.br\/noticia\/imagens\/loteria_federal_imagem.jpg 1280w\" sizes=\"auto, (max-width: 400px) 100vw, 400px\" \/><\/a><figcaption class=\"wp-element-caption\">Resultado do \u00faltimo sorteio da Loteria Federal<\/figcaption><\/figure>\n\n\n\n<figure class=\"wp-block-image size-large\"><a href=\"https:\/\/migracao.redenoticia.com.br\/noticia\/2022\/resultado-do-dia-de-sorte\/172916\"><img loading=\"lazy\" decoding=\"async\" width=\"400\" height=\"225\" data-id=\"226094\" src=\"https:\/\/migracao.redenoticia.com.br\/noticia\/imagens\/dia_de_sorte_imagem-400x225.jpg\" alt=\"\" class=\"wp-image-226094\" srcset=\"https:\/\/migracao.redenoticia.com.br\/noticia\/imagens\/dia_de_sorte_imagem-400x225.jpg 400w, https:\/\/migracao.redenoticia.com.br\/noticia\/imagens\/dia_de_sorte_imagem-250x140.jpg 250w, https:\/\/migracao.redenoticia.com.br\/noticia\/imagens\/dia_de_sorte_imagem-768x432.jpg 768w, https:\/\/migracao.redenoticia.com.br\/noticia\/imagens\/dia_de_sorte_imagem-150x84.jpg 150w, https:\/\/migracao.redenoticia.com.br\/noticia\/imagens\/dia_de_sorte_imagem.jpg 1280w\" sizes=\"auto, (max-width: 400px) 100vw, 400px\" \/><\/a><figcaption class=\"wp-element-caption\">Resultado do \u00faltimo sorteio do Dia de Sorte<\/figcaption><\/figure>\n<\/figure>\n\n\n\n<figure class=\"wp-block-gallery alignwide has-nested-images columns-default is-cropped wp-block-gallery-5 is-layout-flex wp-block-gallery-is-layout-flex\">\n<figure class=\"wp-block-image size-large\"><a href=\"https:\/\/migracao.redenoticia.com.br\/noticia\/2022\/resultado-do-super-sete\/200450\"><img loading=\"lazy\" decoding=\"async\" width=\"400\" height=\"225\" data-id=\"226117\" src=\"https:\/\/migracao.redenoticia.com.br\/noticia\/imagens\/super_sete_imagem-400x225.jpg\" alt=\"\" class=\"wp-image-226117\" srcset=\"https:\/\/migracao.redenoticia.com.br\/noticia\/imagens\/super_sete_imagem-400x225.jpg 400w, https:\/\/migracao.redenoticia.com.br\/noticia\/imagens\/super_sete_imagem-250x140.jpg 250w, https:\/\/migracao.redenoticia.com.br\/noticia\/imagens\/super_sete_imagem-768x432.jpg 768w, https:\/\/migracao.redenoticia.com.br\/noticia\/imagens\/super_sete_imagem-150x84.jpg 150w, https:\/\/migracao.redenoticia.com.br\/noticia\/imagens\/super_sete_imagem.jpg 1280w\" sizes=\"auto, (max-width: 400px) 100vw, 400px\" \/><\/a><figcaption class=\"wp-element-caption\">Resultado do \u00faltimo sorteio do Super Sete<\/figcaption><\/figure>\n\n\n\n<figure class=\"wp-block-image size-large\"><a href=\"https:\/\/migracao.redenoticia.com.br\/noticia\/2022\/resultado-do-ultimo-sorteio-da-milionaria\/224709\"><img loading=\"lazy\" decoding=\"async\" width=\"400\" height=\"225\" data-id=\"226116\" src=\"https:\/\/migracao.redenoticia.com.br\/noticia\/imagens\/milionaria_imagem-400x225.jpg\" alt=\"\" class=\"wp-image-226116\" srcset=\"https:\/\/migracao.redenoticia.com.br\/noticia\/imagens\/milionaria_imagem-400x225.jpg 400w, https:\/\/migracao.redenoticia.com.br\/noticia\/imagens\/milionaria_imagem-250x140.jpg 250w, https:\/\/migracao.redenoticia.com.br\/noticia\/imagens\/milionaria_imagem-768x432.jpg 768w, https:\/\/migracao.redenoticia.com.br\/noticia\/imagens\/milionaria_imagem-150x84.jpg 150w, https:\/\/migracao.redenoticia.com.br\/noticia\/imagens\/milionaria_imagem.jpg 1280w\" sizes=\"auto, (max-width: 400px) 100vw, 400px\" \/><\/a><figcaption class=\"wp-element-caption\">Resultado do \u00faltimo sorteio da +Milion\u00e1ria<\/figcaption><\/figure>\n<\/figure>\n","protected":false},"excerpt":{"rendered":"<p>\u00daltimos resultados de todos os jogos da Loteria da Caixa Nesta p\u00e1gina voc\u00ea encontra o acesso para consultar o \u00faltimo resultado de todos os jogos da Loteria. Al\u00e9m dos n\u00fameros sorteados, premia\u00e7\u00e3o e localiza\u00e7\u00e3o e popula\u00e7\u00e3o das cidades onde os jogos vencedores foram realizados, voc\u00ea tamb\u00e9m poder\u00e1 ver hist\u00f3rico dos n\u00fameros sorteados e uma an\u00e1lise [&hellip;]<\/p>\n","protected":false},"author":5,"featured_media":219369,"parent":0,"menu_order":0,"comment_status":"closed","ping_status":"closed","template":"","meta":{"tdm_status":"","tdm_grid_status":"","footnotes":""},"class_list":["post-6937","page","type-page","status-publish","has-post-thumbnail"],"_links":{"self":[{"href":"https:\/\/migracao.redenoticia.com.br\/noticia\/wp-json\/wp\/v2\/pages\/6937","targetHints":{"allow":["GET"]}}],"collection":[{"href":"https:\/\/migracao.redenoticia.com.br\/noticia\/wp-json\/wp\/v2\/pages"}],"about":[{"href":"https:\/\/migracao.redenoticia.com.br\/noticia\/wp-json\/wp\/v2\/types\/page"}],"author":[{"embeddable":true,"href":"https:\/\/migracao.redenoticia.com.br\/noticia\/wp-json\/wp\/v2\/users\/5"}],"replies":[{"embeddable":true,"href":"https:\/\/migracao.redenoticia.com.br\/noticia\/wp-json\/wp\/v2\/comments?post=6937"}],"version-history":[{"count":0,"href":"https:\/\/migracao.redenoticia.com.br\/noticia\/wp-json\/wp\/v2\/pages\/6937\/revisions"}],"wp:featuredmedia":[{"embeddable":true,"href":"https:\/\/migracao.redenoticia.com.br\/noticia\/wp-json\/wp\/v2\/media\/219369"}],"wp:attachment":[{"href":"https:\/\/migracao.redenoticia.com.br\/noticia\/wp-json\/wp\/v2\/media?parent=6937"}],"curies":[{"name":"wp","href":"https:\/\/api.w.org\/{rel}","templated":true}]}}